{"id":893,"date":"2017-10-05T16:00:08","date_gmt":"2017-10-05T14:00:08","guid":{"rendered":"https:\/\/www.sakskaiserslautern.com\/?page_id=893\/"},"modified":"2020-08-03T13:38:45","modified_gmt":"2020-08-03T11:38:45","slug":"impressum","status":"publish","type":"page","link":"https:\/\/www.sakskaiserslautern.com\/en\/impressum\/","title":{"rendered":"Imprint"},"content":{"rendered":"<p>[vc_row content_placement=&#8221;middle&#8221; css=&#8221;.vc_custom_1596188172306{margin-top: 90px !important;}&#8221;][vc_column el_class=&#8221;boxed&#8221; offset=&#8221;vc_hidden-sm vc_hidden-xs&#8221; css=&#8221;.vc_custom_1596188184712{margin-top: 50px !important;}&#8221;][vc_row_inner][vc_column_inner offset=&#8221;vc_col-sm-offset-0&#8243;][vc_column_text]<\/p>\n<div class=\"scrollable\">\n<h2>IMPRINT<\/h2>\n<p>SAKS HOSPITALITY GMBH<br \/>\nMENDELSSOHNSTR. 79<br \/>\n60325 Frankfurt\/MAIN<br \/>\nGERMANY<\/p>\n<p>Telephone: +49 (0)631 36125-0<br \/>\nFax: +49 (0)631 36125-222<\/p>\n<p>E-mail: <a href=\"mailto:CONTACT@SAKSHOTELS.COM\">CONTACT@SAKSHOTELS.COM<\/a><br \/>\nWeb: <a href=\"http:\/\/www.sakshotels.com\">WWW.SAKSHOTELS.COM<\/a><\/p>\n<p>&nbsp;<\/p>\n<h4>CEO<\/h4>\n<p>Dipl. Kfm. Hans Sachs<br \/>\nLocation of business: Frankfurt\/main<br \/>\nDistrict Court: Frankfurt\/main<br \/>\nHRB: 106676<br \/>\nTAX ID.: 19 662 137 90<br \/>\nVAT ID.: DE 269155355<\/p>\n<p>&nbsp;<\/p>\n<h4>DESIGN AND PROGRAMMING<\/h4>\n<p>iDesignu<br \/>\nInh. Jerry Scheer<br \/>\nHertelsbrunnenring 30<br \/>\n67657 Kaiserslautern<\/p>\n<p>&nbsp;<\/p>\n<h4>COPYRIGHT<\/h4>\n<p><span id=\"result_box\" lang=\"en\"><span title=\"Inhalte und Darstellungen dieser Webseite sind urheberrechtlich gesch\u00fctzt.\">Contents and presentation of this website are protected by copyright. <\/span><span title=\"Texte, Bilder, Logos oder gesamtoptische Darstellungen d\u00fcrfen nur mit unserer Genehmigung gespeichert, transferiert oder vervielf\u00e4ltigt werden.\">The text, images, logos and all-optical representations may not be stored, transferred or duplicated\u00a0without our permission.<\/span><\/span><\/p>\n<p>&nbsp;<\/p>\n<h4>EXTERNAL LINKS<\/h4>\n<p><span id=\"result_box\" lang=\"en\"><span title=\"Hiermit erkl\u00e4ren wir unsere ausdr\u00fcckliche Distanzierung zu s\u00e4mtlichen Inhalten zu verlinkten Fremdseiten in unserer Webseite.\">We hereby declare our express distancing to all content on linked third-party sites on our website . <\/span><span title=\"F\u00fcr Inhalte anderer Internetseiten haftet allein der jeweilige Anbieter.\">The content of thrird-party sites may vary over time and is in responsibility of foreign website owner.<\/span><\/span><\/p>\n<p>&nbsp;<\/p>\n<h4>LIABILITY<\/h4>\n<p><span id=\"result_box\" lang=\"en\"><span title=\"Alle Angaben und Informationen auf unserer Homepage wurden gr\u00fcndlich auf Vollst\u00e4ndigkeit.\">All information on our website were checked on accuracy and correctnes at the time of writing. However a<\/span><span title=\"Eine Haftung f\u00fcr eventuell fehlerhafte Angaben k\u00f6nnen wir nicht \u00fcbernehmen.\"> liability for any incorrect information cannot be accepted. <\/span><span title=\"Gleichfalls weisen wir darauf hin, dass wir keine Haftung \u00fcbernehmen f\u00fcr Links oder Hinweise zu anderen Seiten, betreffend destruktive Programme anderer Server, auf die wir keinen Einfluss haben.\">We also point out that we do not assume any liability for references or links to other pages as well as destructive programs of other servers, which are out of our control.<br \/>\n<\/span><\/span><\/p>\n<p>&nbsp;<\/p>\n<h4>PROTECTION OF YOUR DATA<\/h4>\n<p><span id=\"result_box\" lang=\"en\"><span title=\"Alle Informationen oder Daten, die wir durch Ihre Kontaktaufnahme mit uns erhalten, werden streng vertraulich behandelt und nicht an Dritte weitergereicht.\">All information or data, which are obtain through your contact with us will be treated strictly confidence and not passed on to third parties<\/span><\/span>.<\/div>\n<p>[\/vc_column_text][\/vc_column_inner][\/vc_row_inner][\/vc_column][\/vc_row][vc_row content_placement=&#8221;middle&#8221;][vc_column el_class=&#8221;boxed&#8221; offset=&#8221;vc_hidden-lg vc_hidden-md&#8221; css=&#8221;.vc_custom_1596184986475{margin-top: 50px !important;}&#8221;][vc_row_inner][vc_column_inner offset=&#8221;vc_col-sm-offset-0&#8243;][vc_column_text]<\/p>\n<div class=\"scrollable\">\n<h2>IMPRINT<\/h2>\n<p>SAKS HOSPITALITY GMBH<br \/>\nMENDELSSOHNSTR. 79<br \/>\n60325 Frankfurt\/MAIN<br \/>\nGERMANY<\/p>\n<p>Telefone +49 (0)631 36125-0<br \/>\nFax +49 (0)631 36125-222<br \/>\n<a href=\"mailto:CONTACT@SAKSHOTELS.COM\">CONTACT@SAKSHOTELS.COM<\/a><br \/>\n<a href=\"https:\/\/sakshotels.com\/WWW.SAKSHOTELS.COM\">WWW.SAKSHOTELS.COM<\/a><\/p>\n<p>&nbsp;<\/p>\n<h4>CEO<\/h4>\n<p>Dipl. Kfm. Hans Sachs<br \/>\nLocation of business: Frankfurt\/main<br \/>\nDistrict Court: Frankfurt\/main<br \/>\nHRB: 106676<br \/>\nTAX ID.: 19 662 137 90<br \/>\nUst.-ID.:DE269155355<\/p>\n<p>&nbsp;<\/p>\n<h4>DESIGN AND PROGRAMMING<\/h4>\n<p>iDesignu<br \/>\nInh. Jerry Scheer<br \/>\nHertelsbrunnenring 30<br \/>\n67657 Kaiserslautern<\/p>\n<p>&nbsp;<\/p>\n<h4>COPYRIGHT<\/h4>\n<p><span id=\"result_box\" lang=\"en\"><span title=\"Inhalte und Darstellungen dieser Webseite sind urheberrechtlich gesch\u00fctzt.\">Contents and presentation of this website are protected by copyright. <\/span><span title=\"Texte, Bilder, Logos oder gesamtoptische Darstellungen d\u00fcrfen nur mit unserer Genehmigung gespeichert, transferiert oder vervielf\u00e4ltigt werden.\">The text, images, logos and all-optical representations may not be stored, transferred or duplicated\u00a0without our permission.<\/span><\/span><\/p>\n<p>&nbsp;<\/p>\n<h4>EXTERNAL LINKS<\/h4>\n<p><span id=\"result_box\" lang=\"en\"><span title=\"Hiermit erkl\u00e4ren wir unsere ausdr\u00fcckliche Distanzierung zu s\u00e4mtlichen Inhalten zu verlinkten Fremdseiten in unserer Webseite.\">We hereby declare our express distancing to all content on linked third-party sites on our website . <\/span><span title=\"F\u00fcr Inhalte anderer Internetseiten haftet allein der jeweilige Anbieter.\">The content of thrird-party sites may vary over time and is in responsibility of foreign website owner.<\/span><\/span><\/p>\n<p>&nbsp;<\/p>\n<h4>LIABILITY<\/h4>\n<p><span id=\"result_box\" lang=\"en\"><span title=\"Alle Angaben und Informationen auf unserer Homepage wurden gr\u00fcndlich auf Vollst\u00e4ndigkeit.\">All information on our website were checked on accuracy and correctnes at the time of writing. However a<\/span><span title=\"Eine Haftung f\u00fcr eventuell fehlerhafte Angaben k\u00f6nnen wir nicht \u00fcbernehmen.\"> liability for any incorrect information cannot be accepted. <\/span><span title=\"Gleichfalls weisen wir darauf hin, dass wir keine Haftung \u00fcbernehmen f\u00fcr Links oder Hinweise zu anderen Seiten, betreffend destruktive Programme anderer Server, auf die wir keinen Einfluss haben.\">We also point out that we do not assume any liability for references or links to other pages as well as destructive programs of other servers, which are out of our control.<br \/>\n<\/span><\/span><\/p>\n<p>&nbsp;<\/p>\n<h4>PROTECTION OF YOUR DATA<\/h4>\n<p><span id=\"result_box\" lang=\"en\"><span title=\"Alle Informationen oder Daten, die wir durch Ihre Kontaktaufnahme mit uns erhalten, werden streng vertraulich behandelt und nicht an Dritte weitergereicht.\">All information or data, which are obtain through your contact with us will be treated strictly confidence and not passed on to third parties<\/span><\/span>.<\/div>\n<p>[\/vc_column_text][\/vc_column_inner][\/vc_row_inner][\/vc_column][\/vc_row]<\/p>\n","protected":false},"excerpt":{"rendered":"<p>[vc_row content_placement=&#8221;middle&#8221; css=&#8221;.vc_custom_1596188172306{margin-top: 90px !important;}&#8221;][vc_column el_class=&#8221;boxed&#8221; offset=&#8221;vc_hidden-sm vc_hidden-xs&#8221; css=&#8221;.vc_custom_1596188184712{margin-top: 50px !important;}&#8221;][vc_row_inner][vc_column_inner offset=&#8221;vc_col-sm-offset-0&#8243;][vc_column_text] IMPRINT SAKS HOSPITALITY GMBH MENDELSSOHNSTR. 79 60325 Frankfurt\/MAIN GERMANY Telephone: +49 (0)631 36125-0 Fax: +49 (0)631 36125-222 E-mail: CONTACT@SAKSHOTELS.COM Web: WWW.SAKSHOTELS.COM &nbsp; CEO Dipl. Kfm. Hans Sachs Location of business: Frankfurt\/main District Court: Frankfurt\/main HRB: 106676 TAX ID.: 19 662 137 90 VAT [&hellip;]<\/p>\n","protected":false},"author":2,"featured_media":0,"parent":0,"menu_order":0,"comment_status":"closed","ping_status":"closed","template":"page-simple.php","meta":[],"post_mailing_queue_ids":[],"_links":{"self":[{"href":"https:\/\/www.sakskaiserslautern.com\/en\/wp-json\/wp\/v2\/pages\/893"}],"collection":[{"href":"https:\/\/www.sakskaiserslautern.com\/en\/wp-json\/wp\/v2\/pages"}],"about":[{"href":"https:\/\/www.sakskaiserslautern.com\/en\/wp-json\/wp\/v2\/types\/page"}],"author":[{"embeddable":true,"href":"https:\/\/www.sakskaiserslautern.com\/en\/wp-json\/wp\/v2\/users\/2"}],"replies":[{"embeddable":true,"href":"https:\/\/www.sakskaiserslautern.com\/en\/wp-json\/wp\/v2\/comments?post=893"}],"version-history":[{"count":4,"href":"https:\/\/www.sakskaiserslautern.com\/en\/wp-json\/wp\/v2\/pages\/893\/revisions"}],"predecessor-version":[{"id":2364,"href":"https:\/\/www.sakskaiserslautern.com\/en\/wp-json\/wp\/v2\/pages\/893\/revisions\/2364"}],"wp:attachment":[{"href":"https:\/\/www.sakskaiserslautern.com\/en\/wp-json\/wp\/v2\/media?parent=893"}],"curies":[{"name":"wp","href":"https:\/\/api.w.org\/{rel}","templated":true}]}}